{"id":15,"date":"2024-07-09T11:20:38","date_gmt":"2024-07-09T09:20:38","guid":{"rendered":"https:\/\/agenciacreatia.com\/Javier\/?page_id=15"},"modified":"2025-02-06T03:39:47","modified_gmt":"2025-02-06T02:39:47","slug":"el-despacho","status":"publish","type":"page","link":"https:\/\/bufetesolerabogados.com\/index.php\/el-despacho\/","title":{"rendered":"El Despacho"},"content":{"rendered":"<p>[et_pb_section fb_built=\u00bb1&#8243; _builder_version=\u00bb4.26.0&#8243; _module_preset=\u00bbdefault\u00bb use_background_color_gradient=\u00bbon\u00bb background_color_gradient_direction=\u00bb105deg\u00bb background_color_gradient_stops=\u00bb#055b8e 0%|#055b8e 39%|rgba(5,91,142,0.55) 100%\u00bb background_color_gradient_overlays_image=\u00bbon\u00bb background_image=\u00bbhttps:\/\/bufetesolerabogados.com\/\/wp-content\/uploads\/2024\/07\/buildings-4621816_1920.jpg\u00bb custom_padding=\u00bb100px||100px||true|false\u00bb global_colors_info=\u00bb{}\u00bb][et_pb_row _builder_version=\u00bb4.26.0&#8243; _module_preset=\u00bbdefault\u00bb global_colors_info=\u00bb{}\u00bb][et_pb_column type=\u00bb4_4&#8243; _builder_version=\u00bb4.26.0&#8243; _module_preset=\u00bbdefault\u00bb global_colors_info=\u00bb{}\u00bb][et_pb_text _builder_version=\u00bb4.26.0&#8243; _module_preset=\u00bbdefault\u00bb header_3_font=\u00bb&#8211;et_global_heading_font|700|||||||\u00bb header_3_text_color=\u00bb#FFFFFF\u00bb header_3_font_size=\u00bb42px\u00bb global_colors_info=\u00bb{}\u00bb]<\/p>\n<h3>El Despacho<\/h3>\n<p>[\/et_pb_text][\/et_pb_column][\/et_pb_row][\/et_pb_section][et_pb_section fb_built=\u00bb1&#8243; _builder_version=\u00bb4.26.0&#8243; _module_preset=\u00bbdefault\u00bb custom_padding=\u00bb80px||80px||true|false\u00bb global_colors_info=\u00bb{}\u00bb][et_pb_row column_structure=\u00bb1_2,1_2&#8243; make_equal=\u00bbon\u00bb _builder_version=\u00bb4.26.0&#8243; _module_preset=\u00bbdefault\u00bb width=\u00bb100%\u00bb width_tablet=\u00bb90%\u00bb width_phone=\u00bb90%\u00bb width_last_edited=\u00bbon|tablet\u00bb hover_enabled=\u00bb0&#8243; global_colors_info=\u00bb{}\u00bb sticky_enabled=\u00bb0&#8243;][et_pb_column type=\u00bb1_2&#8243; _builder_version=\u00bb4.26.0&#8243; _module_preset=\u00bbdefault\u00bb z_index=\u00bb194&#8243; custom_padding=\u00bb|||500px|false|false\u00bb custom_padding_tablet=\u00bb|||0px|false|false\u00bb custom_padding_phone=\u00bb|||0px|false|false\u00bb custom_padding_last_edited=\u00bbon|tablet\u00bb custom_css_main_element=\u00bbdisplay: flex;||flex-direction: column;||justify-content: center;\u00bb global_colors_info=\u00bb{}\u00bb][et_pb_blurb title=\u00bbDirigido por: Javier Soler Fern\u00e1ndez\u00bb _builder_version=\u00bb4.26.0&#8243; _module_preset=\u00bbdefault\u00bb header_font=\u00bbPoppins|700|||||||\u00bb header_text_color=\u00bb#273d7d\u00bb header_font_size=\u00bb26px\u00bb header_line_height=\u00bb2.4em\u00bb body_text_align=\u00bbjustify\u00bb background_color=\u00bb#FFFFFF\u00bb text_orientation=\u00bbjustified\u00bb custom_margin=\u00bb|-200px|||false|false\u00bb custom_margin_tablet=\u00bb|0px|||false|false\u00bb custom_margin_phone=\u00bb|0px|||false|false\u00bb custom_margin_last_edited=\u00bbon|tablet\u00bb custom_padding=\u00bb30px|30px|30px|0px|true|false\u00bb hover_enabled=\u00bb0&#8243; global_colors_info=\u00bb{}\u00bb sticky_enabled=\u00bb0&#8243; width=\u00bb193.3%\u00bb]<\/p>\n<p>Miembro del Ilustre Colegio de Abogados de C\u00e1diz e Ilustre Colegio de Abogados de Sevilla.<br \/><strong>&#8211; Licenciado en Derecho<\/strong>, por la Facultad de Derecho de la Universidad Pablo de Olavide de Sevilla, con la especialidad en Administraci\u00f3n de Empresa.<br \/>&#8211; <strong>M\u00e1ster en Gesti\u00f3n de la empresa Mar\u00edtimo-Portuaria y Derecho Mar\u00edtimo<\/strong> por la Facultad de Derecho de la Universidad de Deusto de Bilbao.<br \/>&#8211; Curso superior de Pr\u00e1ctica Jur\u00eddica impartido por Escuela de Pr\u00e1ctica Jur\u00eddica <strong>CEFOEC y homologado por el Consejo General de la Abogac\u00eda.<\/strong> Prueba Certificado de Aptitud Profesional.<br \/>Nos complace presentarnos como un despacho de abogados comprometido con brindar asesor\u00eda legal de alta calidad en las \u00e1reas m\u00e1s cruciales del derecho: civil, penal, laboral y mercantil. Contamos con un equipo multidisciplinario de abogados con amplia experiencia, dedicaci\u00f3n y profesionalismo para ofrecer soluciones eficientes y personalizadas a nuestros clientes.<\/p>\n<p>[\/et_pb_blurb][\/et_pb_column][et_pb_column type=\u00bb1_2&#8243; _builder_version=\u00bb4.26.0&#8243; _module_preset=\u00bbdefault\u00bb z_index=\u00bb0&#8243; global_colors_info=\u00bb{}\u00bb][et_pb_image src=\u00bbhttps:\/\/bufetesolerabogados.com\/\/wp-content\/uploads\/2025\/01\/meeting-7366206_1920.jpg\u00bb title_text=\u00bbmeeting-7366206_1920&#8243; force_fullwidth=\u00bbon\u00bb _builder_version=\u00bb4.26.0&#8243; _module_preset=\u00bbdefault\u00bb global_colors_info=\u00bb{}\u00bb][\/et_pb_image][\/et_pb_column][\/et_pb_row][\/et_pb_section][et_pb_section fb_built=\u00bb1&#8243; _builder_version=\u00bb4.26.0&#8243; _module_preset=\u00bbdefault\u00bb custom_padding=\u00bb||80px||false|false\u00bb global_colors_info=\u00bb{}\u00bb][et_pb_row column_structure=\u00bb1_4,1_4,1_4,1_4&#8243; custom_padding_last_edited=\u00bbon|tablet\u00bb _builder_version=\u00bb4.26.0&#8243; _module_preset=\u00bbdefault\u00bb custom_padding=\u00bb50px||||false|false\u00bb custom_padding_tablet=\u00bb0px||||false|false\u00bb custom_padding_phone=\u00bb0px||||false|false\u00bb global_colors_info=\u00bb{}\u00bb][et_pb_column type=\u00bb1_4&#8243; _builder_version=\u00bb4.26.0&#8243; _module_preset=\u00bbdefault\u00bb global_colors_info=\u00bb{}\u00bb][et_pb_blurb title=\u00bbExperiencia y profesionalismo\u00bb use_icon=\u00bbon\u00bb font_icon=\u00bb&#xe078;||divi||400&#8243; icon_color=\u00bb#bc9a55&#8243; icon_placement=\u00bbleft\u00bb _builder_version=\u00bb4.26.0&#8243; _module_preset=\u00bbdefault\u00bb header_font=\u00bb&#8211;et_global_heading_font|700|||||||\u00bb header_text_color=\u00bb#282e3f\u00bb header_line_height=\u00bb1.5em\u00bb body_text_align=\u00bbjustify\u00bb global_colors_info=\u00bb{}\u00bb]<\/p>\n<p>contamos con un equipo de abogados especializados en cada \u00e1rea del derecho.<\/p>\n<p>[\/et_pb_blurb][\/et_pb_column][et_pb_column type=\u00bb1_4&#8243; _builder_version=\u00bb4.26.0&#8243; _module_preset=\u00bbdefault\u00bb global_colors_info=\u00bb{}\u00bb][et_pb_blurb title=\u00bbAsesor\u00eda personalizada\u00bb use_icon=\u00bbon\u00bb font_icon=\u00bb&#xf234;||fa||900&#8243; icon_color=\u00bb#bc9a55&#8243; icon_placement=\u00bbleft\u00bb _builder_version=\u00bb4.26.0&#8243; _module_preset=\u00bbdefault\u00bb header_font=\u00bb&#8211;et_global_heading_font|700|||||||\u00bb header_text_color=\u00bb#282e3f\u00bb header_line_height=\u00bb1.5em\u00bb body_text_align=\u00bbjustify\u00bb global_colors_info=\u00bb{}\u00bb]entendemos las necesidades particulares de cada cliente y adaptamos nuestras estrategias legales a ellas.[\/et_pb_blurb][\/et_pb_column][et_pb_column type=\u00bb1_4&#8243; _builder_version=\u00bb4.26.0&#8243; _module_preset=\u00bbdefault\u00bb global_colors_info=\u00bb{}\u00bb][et_pb_blurb title=\u00bbCompromiso con el cliente\u00bb use_icon=\u00bbon\u00bb font_icon=\u00bb&#xe033;||divi||400&#8243; icon_color=\u00bb#bc9a55&#8243; icon_placement=\u00bbleft\u00bb _builder_version=\u00bb4.26.0&#8243; _module_preset=\u00bbdefault\u00bb header_font=\u00bb&#8211;et_global_heading_font|700|||||||\u00bb header_text_color=\u00bb#282e3f\u00bb header_line_height=\u00bb1.5em\u00bb body_text_align=\u00bbjustify\u00bb global_colors_info=\u00bb{}\u00bb]trabajamos incansablemente para obtener los mejores resultados.[\/et_pb_blurb][\/et_pb_column][et_pb_column type=\u00bb1_4&#8243; _builder_version=\u00bb4.26.0&#8243; _module_preset=\u00bbdefault\u00bb global_colors_info=\u00bb{}\u00bb][et_pb_blurb title=\u00bbSoluciones eficientes\u00bb use_icon=\u00bbon\u00bb font_icon=\u00bb&#xe0f5;||divi||400&#8243; icon_color=\u00bb#bc9a55&#8243; icon_placement=\u00bbleft\u00bb _builder_version=\u00bb4.26.0&#8243; _module_preset=\u00bbdefault\u00bb header_font=\u00bb&#8211;et_global_heading_font|700|||||||\u00bb header_text_color=\u00bb#282e3f\u00bb header_line_height=\u00bb1.5em\u00bb body_text_align=\u00bbjustify\u00bb global_colors_info=\u00bb{}\u00bb]siempre buscamos m\u00e9todos \u00e1giles y efectivos para la resoluci\u00f3n de conflictos.[\/et_pb_blurb][\/et_pb_column][\/et_pb_row][\/et_pb_section][et_pb_section fb_built=\u00bb1&#8243; _builder_version=\u00bb4.26.0&#8243; _module_preset=\u00bbdefault\u00bb use_background_color_gradient=\u00bbon\u00bb background_color_gradient_overlays_image=\u00bbon\u00bb background_video_mp4=\u00bbhttps:\/\/bufetesolerabogados.com\/\/wp-content\/uploads\/2025\/01\/198890-909564521_small.mp4&#8243; background_enable_pattern_style=\u00bbon\u00bb background_pattern_style=\u00bbdiagonal-stripes-2&#8243; background_pattern_color=\u00bbrgba(0,0,0,0.06)\u00bb background_pattern_horizontal_offset=\u00bb100%\u00bb background_pattern_vertical_offset=\u00bb-32%\u00bb custom_padding=\u00bb250px||250px||true|false\u00bb global_colors_info=\u00bb{}\u00bb][\/et_pb_section][et_pb_section fb_built=\u00bb1&#8243; _builder_version=\u00bb4.26.0&#8243; _module_preset=\u00bbdefault\u00bb global_colors_info=\u00bb{}\u00bb][et_pb_row column_structure=\u00bb1_2,1_2&#8243; make_equal=\u00bbon\u00bb _builder_version=\u00bb4.26.0&#8243; _module_preset=\u00bbdefault\u00bb width=\u00bb100%\u00bb custom_padding=\u00bb80px||0px||false|false\u00bb global_colors_info=\u00bb{}\u00bb][et_pb_column type=\u00bb1_2&#8243; _builder_version=\u00bb4.26.0&#8243; _module_preset=\u00bbdefault\u00bb global_colors_info=\u00bb{}\u00bb][et_pb_image src=\u00bbhttps:\/\/bufetesolerabogados.com\/\/wp-content\/uploads\/2024\/07\/man-5806013_1920.jpg\u00bb title_text=\u00bbman-5806013_1920&#8243; _builder_version=\u00bb4.26.0&#8243; _module_preset=\u00bbdefault\u00bb global_colors_info=\u00bb{}\u00bb][\/et_pb_image][\/et_pb_column][et_pb_column type=\u00bb1_2&#8243; _builder_version=\u00bb4.26.0&#8243; _module_preset=\u00bbdefault\u00bb custom_padding=\u00bb|400px||400px|false|true\u00bb custom_padding_tablet=\u00bb|0px||0px|false|true\u00bb custom_padding_phone=\u00bb|0px||0px|false|true\u00bb custom_padding_last_edited=\u00bbon|tablet\u00bb custom_css_main_element=\u00bbdisplay: flex;||flex-direction: column;||justify-content: center;\u00bb global_colors_info=\u00bb{}\u00bb][et_pb_blurb title=\u00bb\u00bfEn qu\u00e9 podemos ayudarte?\u00bb image_icon_background_color=\u00bbRGBA(255,255,255,0)\u00bb icon_placement=\u00bbleft\u00bb _builder_version=\u00bb4.26.0&#8243; _module_preset=\u00bbdefault\u00bb header_font=\u00bbPoppins|600|||||||\u00bb header_text_color=\u00bb#273d7d\u00bb header_font_size=\u00bb22px\u00bb body_text_align=\u00bbjustify\u00bb background_color=\u00bb#FFFFFF\u00bb custom_margin=\u00bb|||-600px|false|false\u00bb custom_margin_tablet=\u00bb|||0px|false|false\u00bb custom_margin_phone=\u00bb|||0px|false|false\u00bb custom_margin_last_edited=\u00bbon|tablet\u00bb custom_padding=\u00bb20px|20px|20px|20px|true|true\u00bb border_radii=\u00bboff|50px|||\u00bb global_colors_info=\u00bb{}\u00bb]<\/p>\n<p>En <strong>BUFETE SOLER<\/strong> estamos aqu\u00ed para ayudarte a resolver cualquier desaf\u00edo legal que enfrentes. Te invitamos a agendar una consulta para analizar tu caso y ofrecerte una estrategia legal adaptada a tus necesidades.<\/p>\n<p>[\/et_pb_blurb][et_pb_blurb title=\u00bbDirecci\u00f3n\u00bb use_icon=\u00bbon\u00bb font_icon=\u00bb&#xe081;||divi||400&#8243; icon_color=\u00bb#273d7d\u00bb image_icon_background_color=\u00bbRGBA(255,255,255,0)\u00bb icon_placement=\u00bbleft\u00bb _builder_version=\u00bb4.26.0&#8243; _module_preset=\u00bbdefault\u00bb header_font=\u00bbPoppins|600|||||||\u00bb header_text_color=\u00bb#273d7d\u00bb background_color=\u00bb#FFFFFF\u00bb custom_margin=\u00bb|||-600px|false|false\u00bb custom_margin_tablet=\u00bb|||0px|false|false\u00bb custom_margin_phone=\u00bb|||0px|false|false\u00bb custom_margin_last_edited=\u00bbon|tablet\u00bb custom_padding=\u00bb20px|20px|20px|20px|true|true\u00bb global_colors_info=\u00bb{}\u00bb]<\/p>\n<p>Plaza Topete, n\u00ba 1, 1\u00ba6. 11001 C\u00e1diz, Espa\u00f1a<\/p>\n<p>[\/et_pb_blurb][et_pb_blurb title=\u00bbTel\u00e9fono\u00bb use_icon=\u00bbon\u00bb font_icon=\u00bb&#xf879;||fa||900&#8243; icon_color=\u00bb#273d7d\u00bb image_icon_background_color=\u00bbRGBA(255,255,255,0)\u00bb icon_placement=\u00bbleft\u00bb _builder_version=\u00bb4.26.0&#8243; _module_preset=\u00bbdefault\u00bb header_font=\u00bbPoppins|600|||||||\u00bb header_text_color=\u00bb#273d7d\u00bb background_color=\u00bb#FFFFFF\u00bb custom_margin=\u00bb|||-600px|false|false\u00bb custom_margin_tablet=\u00bb|||0px|false|false\u00bb custom_margin_phone=\u00bb|||0px|false|false\u00bb custom_margin_last_edited=\u00bbon|tablet\u00bb custom_padding=\u00bb20px|20px|20px|20px|true|true\u00bb global_colors_info=\u00bb{}\u00bb]689129672[\/et_pb_blurb][et_pb_blurb title=\u00bbMail\u00bb use_icon=\u00bbon\u00bb font_icon=\u00bb&#xf0e0;||fa||900&#8243; icon_color=\u00bb#273d7d\u00bb image_icon_background_color=\u00bbRGBA(255,255,255,0)\u00bb icon_placement=\u00bbleft\u00bb _builder_version=\u00bb4.26.0&#8243; _module_preset=\u00bbdefault\u00bb header_font=\u00bbPoppins|600|||||||\u00bb header_text_color=\u00bb#273d7d\u00bb background_color=\u00bb#FFFFFF\u00bb custom_margin=\u00bb|||-600px|false|false\u00bb custom_margin_tablet=\u00bb|||0px|false|false\u00bb custom_margin_phone=\u00bb|||0px|false|false\u00bb custom_margin_last_edited=\u00bbon|tablet\u00bb custom_padding=\u00bb20px|20px|20px|20px|true|true\u00bb border_radii=\u00bboff||||50px\u00bb global_colors_info=\u00bb{}\u00bb]<\/p>\n<p>info@solerabogado.es<\/p>\n<p>[\/et_pb_blurb][\/et_pb_column][\/et_pb_row][\/et_pb_section]<\/p>\n","protected":false},"excerpt":{"rendered":"<p>El DespachoMiembro del Ilustre Colegio de Abogados de C\u00e1diz e Ilustre Colegio de Abogados de Sevilla.- Licenciado en Derecho, por la Facultad de Derecho de la Universidad Pablo de Olavide de Sevilla, con la especialidad en Administraci\u00f3n de Empresa.- M\u00e1ster en Gesti\u00f3n de la empresa Mar\u00edtimo-Portuaria y Derecho Mar\u00edtimo por la Facultad de Derecho de [&hellip;]<\/p>\n","protected":false},"author":1,"featured_media":0,"parent":0,"menu_order":0,"comment_status":"closed","ping_status":"closed","template":"","meta":{"_et_pb_use_builder":"on","_et_pb_old_content":"","_et_gb_content_width":"","footnotes":""},"class_list":["post-15","page","type-page","status-publish","hentry"],"yoast_head":"<!-- This site is optimized with the Yoast SEO plugin v24.2 - https:\/\/yoast.com\/wordpress\/plugins\/seo\/ -->\n<title>El Despacho - Javier Soler Abogado<\/title>\n<meta name=\"robots\" content=\"noindex, follow, max-snippet:-1, max-image-preview:large, max-video-preview:-1\" \/>\n<meta property=\"og:locale\" content=\"es_ES\" \/>\n<meta property=\"og:type\" content=\"article\" \/>\n<meta property=\"og:title\" content=\"El Despacho - Javier Soler Abogado\" \/>\n<meta property=\"og:description\" content=\"El DespachoMiembro del Ilustre Colegio de Abogados de C\u00e1diz e Ilustre Colegio de Abogados de Sevilla.- Licenciado en Derecho, por la Facultad de Derecho de la Universidad Pablo de Olavide de Sevilla, con la especialidad en Administraci\u00f3n de Empresa.- M\u00e1ster en Gesti\u00f3n de la empresa Mar\u00edtimo-Portuaria y Derecho Mar\u00edtimo por la Facultad de Derecho de [&hellip;]\" \/>\n<meta property=\"og:url\" content=\"https:\/\/bufetesolerabogados.com\/index.php\/el-despacho\/\" \/>\n<meta property=\"og:site_name\" content=\"Javier Soler Abogado\" \/>\n<meta property=\"article:modified_time\" content=\"2025-02-06T02:39:47+00:00\" \/>\n<meta name=\"twitter:card\" content=\"summary_large_image\" \/>\n<meta name=\"twitter:label1\" content=\"Tiempo de lectura\" \/>\n\t<meta name=\"twitter:data1\" content=\"7 minutos\" \/>\n<script type=\"application\/ld+json\" class=\"yoast-schema-graph\">{\"@context\":\"https:\/\/schema.org\",\"@graph\":[{\"@type\":\"WebPage\",\"@id\":\"https:\/\/bufetesolerabogados.com\/index.php\/el-despacho\/\",\"url\":\"https:\/\/bufetesolerabogados.com\/index.php\/el-despacho\/\",\"name\":\"El Despacho - Javier Soler Abogado\",\"isPartOf\":{\"@id\":\"https:\/\/bufetesolerabogados.com\/#website\"},\"datePublished\":\"2024-07-09T09:20:38+00:00\",\"dateModified\":\"2025-02-06T02:39:47+00:00\",\"breadcrumb\":{\"@id\":\"https:\/\/bufetesolerabogados.com\/index.php\/el-despacho\/#breadcrumb\"},\"inLanguage\":\"es\",\"potentialAction\":[{\"@type\":\"ReadAction\",\"target\":[\"https:\/\/bufetesolerabogados.com\/index.php\/el-despacho\/\"]}]},{\"@type\":\"BreadcrumbList\",\"@id\":\"https:\/\/bufetesolerabogados.com\/index.php\/el-despacho\/#breadcrumb\",\"itemListElement\":[{\"@type\":\"ListItem\",\"position\":1,\"name\":\"Portada\",\"item\":\"https:\/\/bufetesolerabogados.com\/\"},{\"@type\":\"ListItem\",\"position\":2,\"name\":\"El Despacho\"}]},{\"@type\":\"WebSite\",\"@id\":\"https:\/\/bufetesolerabogados.com\/#website\",\"url\":\"https:\/\/bufetesolerabogados.com\/\",\"name\":\"Javier Soler Abogado\",\"description\":\"\",\"potentialAction\":[{\"@type\":\"SearchAction\",\"target\":{\"@type\":\"EntryPoint\",\"urlTemplate\":\"https:\/\/bufetesolerabogados.com\/?s={search_term_string}\"},\"query-input\":{\"@type\":\"PropertyValueSpecification\",\"valueRequired\":true,\"valueName\":\"search_term_string\"}}],\"inLanguage\":\"es\"}]}<\/script>\n<!-- \/ Yoast SEO plugin. -->","yoast_head_json":{"title":"El Despacho - Javier Soler Abogado","robots":{"index":"noindex","follow":"follow","max-snippet":"max-snippet:-1","max-image-preview":"max-image-preview:large","max-video-preview":"max-video-preview:-1"},"og_locale":"es_ES","og_type":"article","og_title":"El Despacho - Javier Soler Abogado","og_description":"El DespachoMiembro del Ilustre Colegio de Abogados de C\u00e1diz e Ilustre Colegio de Abogados de Sevilla.- Licenciado en Derecho, por la Facultad de Derecho de la Universidad Pablo de Olavide de Sevilla, con la especialidad en Administraci\u00f3n de Empresa.- M\u00e1ster en Gesti\u00f3n de la empresa Mar\u00edtimo-Portuaria y Derecho Mar\u00edtimo por la Facultad de Derecho de [&hellip;]","og_url":"https:\/\/bufetesolerabogados.com\/index.php\/el-despacho\/","og_site_name":"Javier Soler Abogado","article_modified_time":"2025-02-06T02:39:47+00:00","twitter_card":"summary_large_image","twitter_misc":{"Tiempo de lectura":"7 minutos"},"schema":{"@context":"https:\/\/schema.org","@graph":[{"@type":"WebPage","@id":"https:\/\/bufetesolerabogados.com\/index.php\/el-despacho\/","url":"https:\/\/bufetesolerabogados.com\/index.php\/el-despacho\/","name":"El Despacho - Javier Soler Abogado","isPartOf":{"@id":"https:\/\/bufetesolerabogados.com\/#website"},"datePublished":"2024-07-09T09:20:38+00:00","dateModified":"2025-02-06T02:39:47+00:00","breadcrumb":{"@id":"https:\/\/bufetesolerabogados.com\/index.php\/el-despacho\/#breadcrumb"},"inLanguage":"es","potentialAction":[{"@type":"ReadAction","target":["https:\/\/bufetesolerabogados.com\/index.php\/el-despacho\/"]}]},{"@type":"BreadcrumbList","@id":"https:\/\/bufetesolerabogados.com\/index.php\/el-despacho\/#breadcrumb","itemListElement":[{"@type":"ListItem","position":1,"name":"Portada","item":"https:\/\/bufetesolerabogados.com\/"},{"@type":"ListItem","position":2,"name":"El Despacho"}]},{"@type":"WebSite","@id":"https:\/\/bufetesolerabogados.com\/#website","url":"https:\/\/bufetesolerabogados.com\/","name":"Javier Soler Abogado","description":"","potentialAction":[{"@type":"SearchAction","target":{"@type":"EntryPoint","urlTemplate":"https:\/\/bufetesolerabogados.com\/?s={search_term_string}"},"query-input":{"@type":"PropertyValueSpecification","valueRequired":true,"valueName":"search_term_string"}}],"inLanguage":"es"}]}},"_links":{"self":[{"href":"https:\/\/bufetesolerabogados.com\/index.php\/wp-json\/wp\/v2\/pages\/15","targetHints":{"allow":["GET"]}}],"collection":[{"href":"https:\/\/bufetesolerabogados.com\/index.php\/wp-json\/wp\/v2\/pages"}],"about":[{"href":"https:\/\/bufetesolerabogados.com\/index.php\/wp-json\/wp\/v2\/types\/page"}],"author":[{"embeddable":true,"href":"https:\/\/bufetesolerabogados.com\/index.php\/wp-json\/wp\/v2\/users\/1"}],"replies":[{"embeddable":true,"href":"https:\/\/bufetesolerabogados.com\/index.php\/wp-json\/wp\/v2\/comments?post=15"}],"version-history":[{"count":23,"href":"https:\/\/bufetesolerabogados.com\/index.php\/wp-json\/wp\/v2\/pages\/15\/revisions"}],"predecessor-version":[{"id":208,"href":"https:\/\/bufetesolerabogados.com\/index.php\/wp-json\/wp\/v2\/pages\/15\/revisions\/208"}],"wp:attachment":[{"href":"https:\/\/bufetesolerabogados.com\/index.php\/wp-json\/wp\/v2\/media?parent=15"}],"curies":[{"name":"wp","href":"https:\/\/api.w.org\/{rel}","templated":true}]}}